{"id":554,"date":"2021-03-23T10:31:39","date_gmt":"2021-03-23T09:31:39","guid":{"rendered":"http:\/\/www.bistronomy.fr\/?page_id=554"},"modified":"2021-03-23T10:40:36","modified_gmt":"2021-03-23T09:40:36","slug":"mentions-legales","status":"publish","type":"page","link":"https:\/\/www.bistronomy.fr\/index.php\/mentions-legales\/","title":{"rendered":"Mentions L\u00e9gales"},"content":{"rendered":"\n<p>Le site&nbsp;<strong>hotel-andelys.fr<\/strong>&nbsp;est la propri\u00e9t\u00e9 de&nbsp;<strong>SAS BISTRONOMY<\/strong>&nbsp;au capital social de 20 000 \u20ac euros, domicili\u00e9e 10 Avenue de la R\u00e9publique 27700 Les Andelys et repr\u00e9sent\u00e9e par NIEMINEN Simo Osmo Juhani en sa qualit\u00e9 de g\u00e9rant.<\/p>\n\n\n\n<p><strong>SAS BISTRONOMY<\/strong><br>T\u00e9l. : +33(0)2 32 54 00 33<br>E-mail : accueil@bistronomy.fr<br>RCS Evreux 848 958 435<br>SIRET 84895843500010<br>APE 5510Z<br><br>CNIL n\u00b0<\/p>\n\n\n\n<p><strong>M\u00e9diation<\/strong><br>Conform\u00e9ment au D\u00e9cret du 30 Octobre 2015 relatif \u00e0 la m\u00e9diation des litiges de la consommation, les coordonn\u00e9es du m\u00e9diateur Tourisme Voyage sont :<br><strong>M\u00e9diation Tourisme Voyage<\/strong><br>BP 80303<br>75823 PARIS CEDEX 17<br><strong>Site web :&nbsp;<a href=\"http:\/\/www.mtv.travel\/\" target=\"_blank\" rel=\"noreferrer noopener\">www.mtv.travel<\/a><\/strong><br>Pour d\u2019avantages d\u2019informations, vous pouvez consulter le site officiel de la M\u00e9diation de la Consommation sur le lien suivant :&nbsp;<a href=\"https:\/\/www.economie.gouv.fr\/mediation-conso\" target=\"_blank\" rel=\"noreferrer noopener\">https:\/\/www.economie.gouv.fr\/mediation-conso<\/a><\/p>\n\n\n\n<p>\u00ab Conform\u00e9ment \u00e0 la loi n\u00b0 78-17 du 6 janvier 1978, relative \u00e0 l&rsquo;Informatique, aux Fichiers et aux Libert\u00e9s, vous disposez d&rsquo;un droit d&rsquo;acc\u00e8s et de rectification des donn\u00e9es \u00e0 caract\u00e8re personnel vous concernant. \u00bb<\/p>\n\n\n\n<p> <\/p>\n\n\n\n<h3>MENTIONS RELATIVES AUX COOKIES<\/h3>\n\n\n\n<h4>Qu\u2019est-ce qu\u2019un cookie et \u00e0 quoi sert-il ?<\/h4>\n\n\n\n<p>Un cookie (ou t\u00e9moin de connexion) est un fichier texte susceptible d\u2019\u00eatre enregistr\u00e9, sous r\u00e9serve de vos choix, dans un espace d\u00e9di\u00e9 du disque dur de votre terminal (ordinateur, tablette \u2026) \u00e0 l\u2019occasion de la consultation d\u2019un service en ligne gr\u00e2ce \u00e0 votre logiciel de navigation. Il est transmis par le serveur d\u2019un site internet \u00e0 votre navigateur. A chaque cookie est attribu\u00e9 un identifiant anonyme. Le fichier cookie permet \u00e0 son \u00e9metteur d\u2019identifier le terminal dans lequel il est enregistr\u00e9 pendant la dur\u00e9e de validit\u00e9 ou d\u2019enregistrement du cookie concern\u00e9. Un cookie ne permet pas de remonter \u00e0 une personne physique.<\/p>\n\n\n\n<p> <\/p>\n\n\n\n<h3>Cookies de Statistiques Google Analytics<\/h3>\n\n\n\n<p>Ces cookies permettent d\u2019\u00e9tablir des statistiques de fr\u00e9quentation du site hotel-andelys.fr et de d\u00e9tecter des probl\u00e8mes de navigation afin de suivre et d\u2019am\u00e9liorer la qualit\u00e9 de nos services.<\/p>\n\n\n\n<p>Le site est h\u00e9berg\u00e9 par <a href=\"https:\/\/www.ovh.com\/fr\/\" target=\"_blank\" rel=\"noreferrer noopener\">OVH<\/a>&nbsp;dont le si\u00e8ge social est situ\u00e9 19 Place Fran\u00e7oise Dorin, 75017 Paris.<br>T\u00e9l : 09 55 00 66 33.<\/p>\n","protected":false},"excerpt":{"rendered":"<p>Le site&nbsp;hotel-andelys.fr&nbsp;est la propri\u00e9t\u00e9 de&nbsp;SAS BISTRONOMY&nbsp;au capital social de 20 000 \u20ac euros, domicili\u00e9e 10 Avenue de la R\u00e9publique 27700 Les Andelys et repr\u00e9sent\u00e9e par NIEMINEN Simo Osmo Juhani en sa qualit\u00e9 de g\u00e9rant. SAS BISTRONOMYT\u00e9l. : +33(0)2 32 54 00 33E-mail : accueil@bistronomy.frRCS Evreux 848 958 435SIRET 84895843500010APE 5510Z CNIL n\u00b0 M\u00e9diationConform\u00e9ment au D\u00e9cret [&hellip;]<\/p>\n","protected":false},"author":1,"featured_media":0,"parent":0,"menu_order":0,"comment_status":"closed","ping_status":"closed","template":"","meta":{"_et_pb_use_builder":"off","_et_pb_old_content":"","_et_gb_content_width":"","spay_email":""},"yoast_head":"<!-- This site is optimized with the Yoast SEO plugin v16.5 - https:\/\/yoast.com\/wordpress\/plugins\/seo\/ -->\n<title>Mentions L\u00e9gales - Bistronomy<\/title>\n<meta name=\"robots\" content=\"index, follow, max-snippet:-1, max-image-preview:large, max-video-preview:-1\" \/>\n<link rel=\"canonical\" href=\"http:\/\/www.bistronomy.fr\/index.php\/mentions-legales\/\" \/>\n<meta property=\"og:locale\" content=\"fr_FR\" \/>\n<meta property=\"og:type\" content=\"article\" \/>\n<meta property=\"og:title\" content=\"Mentions L\u00e9gales - Bistronomy\" \/>\n<meta property=\"og:description\" content=\"Le site&nbsp;hotel-andelys.fr&nbsp;est la propri\u00e9t\u00e9 de&nbsp;SAS BISTRONOMY&nbsp;au capital social de 20 000 \u20ac euros, domicili\u00e9e 10 Avenue de la R\u00e9publique 27700 Les Andelys et repr\u00e9sent\u00e9e par NIEMINEN Simo Osmo Juhani en sa qualit\u00e9 de g\u00e9rant. SAS BISTRONOMYT\u00e9l. : +33(0)2 32 54 00 33E-mail : accueil@bistronomy.frRCS Evreux 848 958 435SIRET 84895843500010APE 5510Z CNIL n\u00b0 M\u00e9diationConform\u00e9ment au D\u00e9cret [&hellip;]\" \/>\n<meta property=\"og:url\" content=\"http:\/\/www.bistronomy.fr\/index.php\/mentions-legales\/\" \/>\n<meta property=\"og:site_name\" content=\"Bistronomy\" \/>\n<meta property=\"article:publisher\" content=\"https:\/\/www.facebook.com\/hoteldeparisbistronomy\" \/>\n<meta property=\"article:modified_time\" content=\"2021-03-23T09:40:36+00:00\" \/>\n<meta name=\"twitter:card\" content=\"summary_large_image\" \/>\n<meta name=\"twitter:label1\" content=\"Dur\u00e9e de lecture est.\" \/>\n\t<meta name=\"twitter:data1\" content=\"2 minutes\" \/>\n<script type=\"application\/ld+json\" class=\"yoast-schema-graph\">{\"@context\":\"https:\/\/schema.org\",\"@graph\":[{\"@type\":\"WebSite\",\"@id\":\"http:\/\/www.bistronomy.fr\/#website\",\"url\":\"http:\/\/www.bistronomy.fr\/\",\"name\":\"Bistronomy\",\"description\":\"\",\"potentialAction\":[{\"@type\":\"SearchAction\",\"target\":\"http:\/\/www.bistronomy.fr\/?s={search_term_string}\",\"query-input\":\"required name=search_term_string\"}],\"inLanguage\":\"fr-FR\"},{\"@type\":\"WebPage\",\"@id\":\"http:\/\/www.bistronomy.fr\/index.php\/mentions-legales\/#webpage\",\"url\":\"http:\/\/www.bistronomy.fr\/index.php\/mentions-legales\/\",\"name\":\"Mentions L\\u00e9gales - Bistronomy\",\"isPartOf\":{\"@id\":\"http:\/\/www.bistronomy.fr\/#website\"},\"datePublished\":\"2021-03-23T09:31:39+00:00\",\"dateModified\":\"2021-03-23T09:40:36+00:00\",\"breadcrumb\":{\"@id\":\"http:\/\/www.bistronomy.fr\/index.php\/mentions-legales\/#breadcrumb\"},\"inLanguage\":\"fr-FR\",\"potentialAction\":[{\"@type\":\"ReadAction\",\"target\":[\"http:\/\/www.bistronomy.fr\/index.php\/mentions-legales\/\"]}]},{\"@type\":\"BreadcrumbList\",\"@id\":\"http:\/\/www.bistronomy.fr\/index.php\/mentions-legales\/#breadcrumb\",\"itemListElement\":[{\"@type\":\"ListItem\",\"position\":1,\"name\":\"Accueil\",\"item\":\"http:\/\/www.bistronomy.fr\/\"},{\"@type\":\"ListItem\",\"position\":2,\"name\":\"Mentions L\\u00e9gales\"}]}]}<\/script>\n<!-- \/ Yoast SEO plugin. -->","jetpack-related-posts":[{"id":93,"url":"https:\/\/www.bistronomy.fr\/index.php\/tourisme\/","url_meta":{"origin":554,"position":0},"title":"Tourisme","date":"23\/02\/2021","format":false,"excerpt":"[et_pb_fullwidth_header title=\"Explorer les alentours\" button_two_text=\"VOIR PLUS\" button_two_url=\"https:\/\/www.ville-andelys.fr\/office-tourisme\/\" background_overlay_color=\"rgba(224,207,190,0.4)\" content_max_width=\"700px\" admin_label=\"Hero Section\" _builder_version=\"4.6.5\" title_font=\"Playfair Display||||||||\" title_text_color=\"#ffffff\" title_font_size=\"74px\" title_line_height=\"1.3em\" content_font=\"Cormorant Upright|700|||||||\" content_font_size=\"18px\" background_color=\"#ffffff\" background_image=\"http:\/\/www.bistronomy.fr\/wp-content\/uploads\/2021\/02\/201710250924111.jpeg\" background_size=\"initial\" custom_button_one=\"on\" button_one_text_size=\"15px\" button_one_text_color=\"#e0cfbe\" button_one_bg_color=\"#7e413d\" button_one_border_width=\"1px\" button_one_border_radius=\"0px\" button_one_letter_spacing=\"1px\" button_one_font=\"Playfair Display|||on|||||\" button_one_use_icon=\"off\" custom_button_two=\"on\" button_two_text_size=\"14px\" button_two_text_color=\"#e0cfbe\" button_two_bg_color=\"#7e413d\" button_two_border_color=\"#e0cfbe\" button_two_border_radius=\"0px\" button_two_letter_spacing=\"1px\" button_two_font=\"Playfair Display||||||||\" button_two_icon=\"%%20%%\"\u2026","rel":"","context":"Article similaire","img":{"alt_text":"","src":"","width":0,"height":0},"classes":[]},{"id":54,"url":"https:\/\/www.bistronomy.fr\/index.php\/restaurant\/","url_meta":{"origin":554,"position":1},"title":"Restaurant","date":"23\/02\/2021","format":false,"excerpt":"[et_pb_fullwidth_header title=\"Une cuisine de qualit\u00e9\" text_orientation=\"center\" header_fullscreen=\"on\" header_scroll_down=\"on\" scroll_down_icon=\"%%3%%\" scroll_down_icon_color=\"#ffffff\" scroll_down_icon_size=\"48px\" background_overlay_color=\"rgba(31,31,31,0.8)\" subhead_font_color=\"#bebebe\" _builder_version=\"4.6.5\" title_font=\"Playfair Display||||\" title_text_color=\"#ffffff\" title_font_size=\"74px\" title_line_height=\"1.3em\" content_font=\"Cormorant Upright|700|||||||\" content_text_color=\"#bfbfbf\" content_font_size=\"24px\" content_line_height=\"1.8em\" subhead_font=\"Montserrat||||\" subhead_text_color=\"#bebebe\" subhead_line_height=\"1.8em\" background_color=\"rgba(255, 255, 255, 0)\" background_image=\"http:\/\/www.bistronomy.fr\/wp-content\/uploads\/2021\/02\/restaurant-hero-02.jpg\" parallax=\"on\" parallax_method=\"on\" custom_button_one=\"on\" button_one_text_size=\"15px\" button_one_text_color=\"#ffffff\" button_one_border_width=\"2px\" button_one_border_color=\"#ffffff\" button_one_border_radius=\"0px\" button_one_letter_spacing=\"1px\"\u2026","rel":"","context":"Article similaire","img":{"alt_text":"","src":"","width":0,"height":0},"classes":[]},{"id":9,"url":"https:\/\/www.bistronomy.fr\/","url_meta":{"origin":554,"position":2},"title":"Accueil","date":"23\/02\/2021","format":false,"excerpt":"[et_pb_fullwidth_header title=\"H\u00f4tel de Paris Restaurant Bistronomy\" text_orientation=\"center\" header_fullscreen=\"on\" header_scroll_down=\"on\" scroll_down_icon=\"%%3%%\" scroll_down_icon_color=\"#ffffff\" scroll_down_icon_size=\"48px\" button_one_text=\"Nos chambres\" button_one_url=\"http:\/\/www.bistronomy.fr\/index.php\/chambres-details-tarifs\/\" button_two_text=\"Restaurant\" button_two_url=\"http:\/\/www.bistronomy.fr\/index.php\/restaurant\/\" background_overlay_color=\"rgba(31,31,31,0.85)\" subhead_font_color=\"#bebebe\" _builder_version=\"4.6.5\" title_font=\"Playfair Display||||||||\" title_text_align=\"center\" title_text_color=\"#ffffff\" title_font_size=\"75px\" title_line_height=\"1.2em\" content_font=\"Cormorant Upright|700|||||||\" content_text_align=\"justify\"\u2026","rel":"","context":"Article similaire","img":{"alt_text":"","src":"","width":0,"height":0},"classes":[]},{"id":157,"url":"https:\/\/www.bistronomy.fr\/index.php\/chambres-details-tarifs\/","url_meta":{"origin":554,"position":3},"title":"Chambres","date":"24\/02\/2021","format":false,"excerpt":"[et_pb_row custom_padding_last_edited=\"on|desktop\" _builder_version=\"3.25\" custom_margin=\"|auto|-39px|auto||\" custom_padding=\"27px|100px|27px|100px|false|false\"\u2026","rel":"","context":"Article similaire","img":{"alt_text":"","src":"","width":0,"height":0},"classes":[]},{"id":28,"url":"https:\/\/www.bistronomy.fr\/index.php\/recettes\/","url_meta":{"origin":554,"position":4},"title":"Recettes","date":"23\/02\/2021","format":false,"excerpt":"[et_pb_fullwidth_header title=\"Nouveaut\u00e9s recettes\" text_orientation=\"center\" background_overlay_color=\"rgba(31,31,31,0.85)\" subhead_font_color=\"#bebebe\" _builder_version=\"4.6.5\" title_font=\"Playfair Display||||\" title_text_color=\"#ffffff\" title_font_size=\"72px\" title_line_height=\"1.3em\" content_font=\"Cormorant Upright|600|||||||\" content_text_color=\"#bfbfbf\" content_font_size=\"16px\" content_line_height=\"1.8em\" subhead_font=\"Montserrat||||\" subhead_text_color=\"#bebebe\" subhead_line_height=\"1.8em\" background_color=\"rgba(255, 255, 255, 0)\" background_image=\"http:\/\/www.bistronomy.fr\/wp-content\/uploads\/2021\/02\/restaurant-hero-02.jpg\" parallax=\"on\" parallax_method=\"on\" custom_padding=\"5%||5%|\" animation_style=\"zoom\" animation_duration=\"1500ms\" animation_intensity_zoom=\"4%\" title_line_height_last_edited=\"off|desktop\" button_one_text_size__hover_enabled=\"off\" button_two_text_size__hover_enabled=\"off\" button_one_text_color__hover_enabled=\"off\" button_two_text_color__hover_enabled=\"off\" button_one_border_width__hover_enabled=\"off\" button_two_border_width__hover_enabled=\"off\" button_one_border_color__hover_enabled=\"off\" button_two_border_color__hover_enabled=\"off\" button_one_border_radius__hover_enabled=\"off\"\u2026","rel":"","context":"Article similaire","img":{"alt_text":"","src":"","width":0,"height":0},"classes":[]},{"id":51,"url":"https:\/\/www.bistronomy.fr\/index.php\/notre-passion\/","url_meta":{"origin":554,"position":5},"title":"Notre Passion","date":"23\/02\/2021","format":false,"excerpt":"[et_pb_fullwidth_header title=\"Notre Passion\" text_orientation=\"center\" header_scroll_down=\"on\" background_overlay_color=\"rgba(31,31,31,0.85)\" subhead_font_color=\"#bebebe\" _builder_version=\"4.6.5\" title_font=\"Playfair Display||||||||\" title_text_color=\"#ffffff\" title_font_size=\"74px\" title_line_height=\"1.3em\" content_font=\"Montserrat||||\" content_text_color=\"#bfbfbf\" content_font_size=\"19px\" content_line_height=\"1.8em\" subhead_font=\"Montserrat||||\" subhead_text_color=\"#bebebe\" subhead_line_height=\"1.8em\" background_color=\"rgba(255, 255, 255, 0)\" background_image=\"http:\/\/www.bistronomy.fr\/wp-content\/uploads\/2021\/02\/restaurant-hero-03.jpg\" parallax=\"on\" parallax_method=\"on\" min_height=\"730px\" custom_padding=\"5%||12%|||\" animation_style=\"zoom\" animation_duration=\"1500ms\" animation_intensity_zoom=\"4%\" title_line_height_last_edited=\"off|desktop\" button_one_text_size__hover_enabled=\"off\" button_two_text_size__hover_enabled=\"off\" button_one_text_color__hover_enabled=\"off\" button_two_text_color__hover_enabled=\"off\" button_one_border_width__hover_enabled=\"off\" button_two_border_width__hover_enabled=\"off\" button_one_border_color__hover_enabled=\"off\" button_two_border_color__hover_enabled=\"off\"\u2026","rel":"","context":"Article similaire","img":{"alt_text":"","src":"","width":0,"height":0},"classes":[]}],"jetpack_likes_enabled":true,"jetpack_shortlink":"https:\/\/wp.me\/P8vmf3-8W","_links":{"self":[{"href":"https:\/\/www.bistronomy.fr\/index.php\/wp-json\/wp\/v2\/pages\/554"}],"collection":[{"href":"https:\/\/www.bistronomy.fr\/index.php\/wp-json\/wp\/v2\/pages"}],"about":[{"href":"https:\/\/www.bistronomy.fr\/index.php\/wp-json\/wp\/v2\/types\/page"}],"author":[{"embeddable":true,"href":"https:\/\/www.bistronomy.fr\/index.php\/wp-json\/wp\/v2\/users\/1"}],"replies":[{"embeddable":true,"href":"https:\/\/www.bistronomy.fr\/index.php\/wp-json\/wp\/v2\/comments?post=554"}],"version-history":[{"count":3,"href":"https:\/\/www.bistronomy.fr\/index.php\/wp-json\/wp\/v2\/pages\/554\/revisions"}],"predecessor-version":[{"id":558,"href":"https:\/\/www.bistronomy.fr\/index.php\/wp-json\/wp\/v2\/pages\/554\/revisions\/558"}],"wp:attachment":[{"href":"https:\/\/www.bistronomy.fr\/index.php\/wp-json\/wp\/v2\/media?parent=554"}],"curies":[{"name":"wp","href":"https:\/\/api.w.org\/{rel}","templated":true}]}}